{"id":592,"date":"2022-04-02T19:14:10","date_gmt":"2022-04-02T16:14:10","guid":{"rendered":"https:\/\/campanyam.com\/tr\/?page_id=592"},"modified":"2025-07-08T15:06:20","modified_gmt":"2025-07-08T12:06:20","slug":"hakkimizda","status":"publish","type":"page","link":"https:\/\/campanyam.com\/tr\/hakkimizda\/","title":{"rendered":"Hakk\u0131m\u0131zda"},"content":{"rendered":"<div class=\"wp-block-image\">\n<figure class=\"aligncenter size-full\"><img decoding=\"async\" width=\"600\" height=\"462\" src=\"https:\/\/campanyam.com\/tr\/wp-content\/uploads\/sites\/15\/2025\/07\/campanyam-about.png\" alt=\"\" class=\"wp-image-3102\" srcset=\"https:\/\/campanyam.com\/tr\/wp-content\/uploads\/sites\/15\/2025\/07\/campanyam-about.png 600w, https:\/\/campanyam.com\/tr\/wp-content\/uploads\/sites\/15\/2025\/07\/campanyam-about-300x231.png 300w, https:\/\/campanyam.com\/tr\/wp-content\/uploads\/sites\/15\/2025\/07\/campanyam-about-149x115.png 149w, https:\/\/campanyam.com\/tr\/wp-content\/uploads\/sites\/15\/2025\/07\/campanyam-about-480x370.png 480w\" sizes=\"(max-width: 600px) 100vw, 600px\" \/><\/figure>\n<\/div>\n\n\n<p class=\"has-text-align-center\">&#8212;<\/p>\n\n\n\n<p><strong>G\u00fcn\u00fcm\u00fcz d\u00fcnyas\u0131nda harcamalar\u0131m\u0131zdan tassarruf sa\u011flamak \u00e7ok daha kolay hale gelmi\u015ftir.Teknolojinin geli\u015fmesiyle birlikte istedi\u011fimiz \u00fcr\u00fcn ve hizmetlere eskiye g\u00f6re art\u0131k kolay ula\u015fabiliyoruz.Bu \u00fcr\u00fcn ve hizmetlerin kalitesiyle birlikte, indirimli olmas\u0131n\u0131 herkes istemektedir.<\/strong><\/p>\n\n\n\n<p><strong>Bir\u00e7ok markan\u0131n indirimlerini tek bir yerde bulman\u0131z\u0131 sa\u011flayan campanyam.com \u00fcnl\u00fc markalar\u0131n \u00fcr\u00fcn ve hizmetlerini listeleyerek sizlere en g\u00fcncel indirimleri ve kampanyalar\u0131 sunmaktad\u0131r.\u0130nternetin d\u00f6rt bir taraf\u0131n\u0131 ara\u015ft\u0131rarak kullan\u0131c\u0131lara her ay onlarca markan\u0131n y\u00fczlerce \u00fcr\u00fcn ve hizmetini listelemektedir.B\u00f6ylece al\u0131\u015fveri\u015f yapanlar\u0131 en g\u00fcncel indirimlerden ve kampanyalardan yararland\u0131rarak harcamalar\u0131nda \u00f6nemli bir oranda tasarruf sa\u011flatmaktad\u0131r.<\/strong><\/p>\n\n\n\n<p><strong>Campanyam.com da e ticaret m\u00fc\u015fterilerine bu alanda g\u00fcvenilir data sunmak i\u00e7in kuruldu.Giri\u015fimimizin rakiplerinden fark\u0131 m\u00fc\u015fterilerine ak\u0131ll\u0131 kupon ve kampanya hizmeti vermesidir.Piyasadaki kupon sitelerinin en b\u00fcy\u00fck eksi\u011fi yanl\u0131\u015f ve tarihi ge\u00e7mi\u015f kuponlar\u0131 ve kampanyalar\u0131 m\u00fc\u015fterilerine sunmas\u0131d\u0131r.Bizim ak\u0131ll\u0131 kupon sistemimiz sayesinde sitemizdeki kuponlar\u0131n ve kampanyalar\u0131n do\u011frulu\u011fu test ediliyor ve ondan sonra siteye ekleniyor.Bu sistem ile kuponlarda %80-90 oranlar\u0131nda ba\u015far\u0131 elde etmekteyiz.<br><\/strong><\/p>\n\n\n\n<p><strong>Ayr\u0131ca masa\u00fcs\u00fct\u00fc uygulamam\u0131z yap\u0131m a\u015famas\u0131ndad\u0131r.Bu uygulama ile m\u00fc\u015fterilerimize otomatik kupon uygulama hizmeti vermeyi hedeflemekteyiz.\u015eu an 8 \u00fclkede hizmet vermekteyiz ve bunu k\u0131sa s\u00fcrede 20 ye \u00e7\u0131karmay\u0131 planlamaktay\u0131z.<\/strong><\/p>\n","protected":false},"excerpt":{"rendered":"<p>&#8212; G\u00fcn\u00fcm\u00fcz d\u00fcnyas\u0131nda harcamalar\u0131m\u0131zdan tassarruf sa\u011flamak \u00e7ok daha kolay hale gelmi\u015ftir.Teknolojinin geli\u015fmesiyle birlikte istedi\u011fimiz \u00fcr\u00fcn ve hizmetlere eskiye g\u00f6re art\u0131k kolay ula\u015fabiliyoruz.Bu \u00fcr\u00fcn ve hizmetlerin kalitesiyle birlikte, indirimli olmas\u0131n\u0131 herkes istemektedir. Bir\u00e7ok markan\u0131n indirimlerini tek bir yerde bulman\u0131z\u0131 sa\u011flayan campanyam.com \u00fcnl\u00fc markalar\u0131n \u00fcr\u00fcn ve hizmetlerini listeleyerek sizlere en g\u00fcncel indirimleri ve kampanyalar\u0131 sunmaktad\u0131r.\u0130nternetin d\u00f6rt bir [&hellip;]<\/p>\n","protected":false},"author":1,"featured_media":0,"parent":0,"menu_order":0,"comment_status":"closed","ping_status":"closed","template":"","meta":{"footnotes":""},"class_list":["post-592","page","type-page","status-publish","hentry"],"yoast_head":"<!-- This site is optimized with the Yoast SEO plugin v27.4 - https:\/\/yoast.com\/product\/yoast-seo-wordpress\/ -->\n<title>Hakk\u0131m\u0131zda - Campanyam<\/title>\n<meta name=\"description\" content=\"Campanyam.com internetin d\u00f6rt bir taraf\u0131n\u0131 ara\u015ft\u0131rarak, kullan\u0131c\u0131lara her ay onlarca markan\u0131n, y\u00fczlerce \u00fcr\u00fcn ve hizmetini listelemektedir.\" \/>\n<meta name=\"robots\" content=\"index, follow, max-snippet:-1, max-image-preview:large, max-video-preview:-1\" \/>\n<link rel=\"canonical\" href=\"https:\/\/campanyam.com\/tr\/hakkimizda\/\" \/>\n<meta property=\"og:locale\" content=\"tr_TR\" \/>\n<meta property=\"og:type\" content=\"article\" \/>\n<meta property=\"og:title\" content=\"Hakk\u0131m\u0131zda - Campanyam\" \/>\n<meta property=\"og:description\" content=\"Campanyam.com internetin d\u00f6rt bir taraf\u0131n\u0131 ara\u015ft\u0131rarak, kullan\u0131c\u0131lara her ay onlarca markan\u0131n, y\u00fczlerce \u00fcr\u00fcn ve hizmetini listelemektedir.\" \/>\n<meta property=\"og:url\" content=\"https:\/\/campanyam.com\/tr\/hakkimizda\/\" \/>\n<meta property=\"og:site_name\" content=\"Campanyam\" \/>\n<meta property=\"article:modified_time\" content=\"2025-07-08T12:06:20+00:00\" \/>\n<meta property=\"og:image\" content=\"https:\/\/campanyam.com\/tr\/wp-content\/uploads\/sites\/15\/2025\/07\/campanyam-about.png\" \/>\n<meta name=\"twitter:card\" content=\"summary_large_image\" \/>\n<meta name=\"twitter:site\" content=\"@campanyam1\" \/>\n<meta name=\"twitter:label1\" content=\"Tahmini okuma s\u00fcresi\" \/>\n\t<meta name=\"twitter:data1\" content=\"1 dakika\" \/>\n<script type=\"application\/ld+json\" class=\"yoast-schema-graph\">{\"@context\":\"https:\\\/\\\/schema.org\",\"@graph\":[{\"@type\":\"WebPage\",\"@id\":\"https:\\\/\\\/campanyam.com\\\/tr\\\/hakkimizda\\\/\",\"url\":\"https:\\\/\\\/campanyam.com\\\/tr\\\/hakkimizda\\\/\",\"name\":\"Hakk\u0131m\u0131zda - Campanyam\",\"isPartOf\":{\"@id\":\"https:\\\/\\\/campanyam.com\\\/tr\\\/#website\"},\"primaryImageOfPage\":{\"@id\":\"https:\\\/\\\/campanyam.com\\\/tr\\\/hakkimizda\\\/#primaryimage\"},\"image\":{\"@id\":\"https:\\\/\\\/campanyam.com\\\/tr\\\/hakkimizda\\\/#primaryimage\"},\"thumbnailUrl\":\"https:\\\/\\\/campanyam.com\\\/tr\\\/wp-content\\\/uploads\\\/sites\\\/15\\\/2025\\\/07\\\/campanyam-about.png\",\"datePublished\":\"2022-04-02T16:14:10+00:00\",\"dateModified\":\"2025-07-08T12:06:20+00:00\",\"description\":\"Campanyam.com internetin d\u00f6rt bir taraf\u0131n\u0131 ara\u015ft\u0131rarak, kullan\u0131c\u0131lara her ay onlarca markan\u0131n, y\u00fczlerce \u00fcr\u00fcn ve hizmetini listelemektedir.\",\"breadcrumb\":{\"@id\":\"https:\\\/\\\/campanyam.com\\\/tr\\\/hakkimizda\\\/#breadcrumb\"},\"inLanguage\":\"tr\",\"potentialAction\":[{\"@type\":\"ReadAction\",\"target\":[\"https:\\\/\\\/campanyam.com\\\/tr\\\/hakkimizda\\\/\"]}]},{\"@type\":\"ImageObject\",\"inLanguage\":\"tr\",\"@id\":\"https:\\\/\\\/campanyam.com\\\/tr\\\/hakkimizda\\\/#primaryimage\",\"url\":\"https:\\\/\\\/campanyam.com\\\/tr\\\/wp-content\\\/uploads\\\/sites\\\/15\\\/2025\\\/07\\\/campanyam-about.png\",\"contentUrl\":\"https:\\\/\\\/campanyam.com\\\/tr\\\/wp-content\\\/uploads\\\/sites\\\/15\\\/2025\\\/07\\\/campanyam-about.png\",\"width\":600,\"height\":462},{\"@type\":\"BreadcrumbList\",\"@id\":\"https:\\\/\\\/campanyam.com\\\/tr\\\/hakkimizda\\\/#breadcrumb\",\"itemListElement\":[{\"@type\":\"ListItem\",\"position\":1,\"name\":\"Ana sayfa\",\"item\":\"https:\\\/\\\/campanyam.com\\\/tr\\\/\"},{\"@type\":\"ListItem\",\"position\":2,\"name\":\"Hakk\u0131m\u0131zda\"}]},{\"@type\":\"WebSite\",\"@id\":\"https:\\\/\\\/campanyam.com\\\/tr\\\/#website\",\"url\":\"https:\\\/\\\/campanyam.com\\\/tr\\\/\",\"name\":\"Campanyam\",\"description\":\"Kupon ve Kampanya Platformu\",\"publisher\":{\"@id\":\"https:\\\/\\\/campanyam.com\\\/tr\\\/#\\\/schema\\\/person\\\/f410d44dcccbc979360c40f1a7b434c9\"},\"potentialAction\":[{\"@type\":\"SearchAction\",\"target\":{\"@type\":\"EntryPoint\",\"urlTemplate\":\"https:\\\/\\\/campanyam.com\\\/tr\\\/?s={search_term_string}\"},\"query-input\":{\"@type\":\"PropertyValueSpecification\",\"valueRequired\":true,\"valueName\":\"search_term_string\"}}],\"inLanguage\":\"tr\"},{\"@type\":[\"Person\",\"Organization\"],\"@id\":\"https:\\\/\\\/campanyam.com\\\/tr\\\/#\\\/schema\\\/person\\\/f410d44dcccbc979360c40f1a7b434c9\",\"name\":\"Eren\",\"image\":{\"@type\":\"ImageObject\",\"inLanguage\":\"tr\",\"@id\":\"https:\\\/\\\/secure.gravatar.com\\\/avatar\\\/75cf9baeab54a789bf1972d80a67c7c6902338cfdf3991e1a6d6e880683909a6?s=96&r=g\",\"url\":\"https:\\\/\\\/secure.gravatar.com\\\/avatar\\\/75cf9baeab54a789bf1972d80a67c7c6902338cfdf3991e1a6d6e880683909a6?s=96&r=g\",\"contentUrl\":\"https:\\\/\\\/secure.gravatar.com\\\/avatar\\\/75cf9baeab54a789bf1972d80a67c7c6902338cfdf3991e1a6d6e880683909a6?s=96&r=g\",\"caption\":\"Eren\"},\"logo\":{\"@id\":\"https:\\\/\\\/secure.gravatar.com\\\/avatar\\\/75cf9baeab54a789bf1972d80a67c7c6902338cfdf3991e1a6d6e880683909a6?s=96&r=g\"},\"description\":\"Campanyam.com, which enables you to find the discounts of many brands in one place, offers you the most up-to-date discounts and campaigns by listing the products and services of famous brands.\",\"sameAs\":[\"https:\\\/\\\/campanyam.com\\\/\",\"https:\\\/\\\/www.linkedin.com\\\/company\\\/campanyam-com\\\/\",\"https:\\\/\\\/tr.pinterest.com\\\/campanyam\\\/\",\"https:\\\/\\\/x.com\\\/https:\\\/\\\/twitter.com\\\/campanyam1\",\"https:\\\/\\\/www.youtube.com\\\/@campanyam\"]}]}<\/script>\n<!-- \/ Yoast SEO plugin. -->","yoast_head_json":{"title":"Hakk\u0131m\u0131zda - Campanyam","description":"Campanyam.com internetin d\u00f6rt bir taraf\u0131n\u0131 ara\u015ft\u0131rarak, kullan\u0131c\u0131lara her ay onlarca markan\u0131n, y\u00fczlerce \u00fcr\u00fcn ve hizmetini listelemektedir.","robots":{"index":"index","follow":"follow","max-snippet":"max-snippet:-1","max-image-preview":"max-image-preview:large","max-video-preview":"max-video-preview:-1"},"canonical":"https:\/\/campanyam.com\/tr\/hakkimizda\/","og_locale":"tr_TR","og_type":"article","og_title":"Hakk\u0131m\u0131zda - Campanyam","og_description":"Campanyam.com internetin d\u00f6rt bir taraf\u0131n\u0131 ara\u015ft\u0131rarak, kullan\u0131c\u0131lara her ay onlarca markan\u0131n, y\u00fczlerce \u00fcr\u00fcn ve hizmetini listelemektedir.","og_url":"https:\/\/campanyam.com\/tr\/hakkimizda\/","og_site_name":"Campanyam","article_modified_time":"2025-07-08T12:06:20+00:00","og_image":[{"url":"https:\/\/campanyam.com\/tr\/wp-content\/uploads\/sites\/15\/2025\/07\/campanyam-about.png","type":"","width":"","height":""}],"twitter_card":"summary_large_image","twitter_site":"@campanyam1","twitter_misc":{"Tahmini okuma s\u00fcresi":"1 dakika"},"schema":{"@context":"https:\/\/schema.org","@graph":[{"@type":"WebPage","@id":"https:\/\/campanyam.com\/tr\/hakkimizda\/","url":"https:\/\/campanyam.com\/tr\/hakkimizda\/","name":"Hakk\u0131m\u0131zda - Campanyam","isPartOf":{"@id":"https:\/\/campanyam.com\/tr\/#website"},"primaryImageOfPage":{"@id":"https:\/\/campanyam.com\/tr\/hakkimizda\/#primaryimage"},"image":{"@id":"https:\/\/campanyam.com\/tr\/hakkimizda\/#primaryimage"},"thumbnailUrl":"https:\/\/campanyam.com\/tr\/wp-content\/uploads\/sites\/15\/2025\/07\/campanyam-about.png","datePublished":"2022-04-02T16:14:10+00:00","dateModified":"2025-07-08T12:06:20+00:00","description":"Campanyam.com internetin d\u00f6rt bir taraf\u0131n\u0131 ara\u015ft\u0131rarak, kullan\u0131c\u0131lara her ay onlarca markan\u0131n, y\u00fczlerce \u00fcr\u00fcn ve hizmetini listelemektedir.","breadcrumb":{"@id":"https:\/\/campanyam.com\/tr\/hakkimizda\/#breadcrumb"},"inLanguage":"tr","potentialAction":[{"@type":"ReadAction","target":["https:\/\/campanyam.com\/tr\/hakkimizda\/"]}]},{"@type":"ImageObject","inLanguage":"tr","@id":"https:\/\/campanyam.com\/tr\/hakkimizda\/#primaryimage","url":"https:\/\/campanyam.com\/tr\/wp-content\/uploads\/sites\/15\/2025\/07\/campanyam-about.png","contentUrl":"https:\/\/campanyam.com\/tr\/wp-content\/uploads\/sites\/15\/2025\/07\/campanyam-about.png","width":600,"height":462},{"@type":"BreadcrumbList","@id":"https:\/\/campanyam.com\/tr\/hakkimizda\/#breadcrumb","itemListElement":[{"@type":"ListItem","position":1,"name":"Ana sayfa","item":"https:\/\/campanyam.com\/tr\/"},{"@type":"ListItem","position":2,"name":"Hakk\u0131m\u0131zda"}]},{"@type":"WebSite","@id":"https:\/\/campanyam.com\/tr\/#website","url":"https:\/\/campanyam.com\/tr\/","name":"Campanyam","description":"Kupon ve Kampanya Platformu","publisher":{"@id":"https:\/\/campanyam.com\/tr\/#\/schema\/person\/f410d44dcccbc979360c40f1a7b434c9"},"potentialAction":[{"@type":"SearchAction","target":{"@type":"EntryPoint","urlTemplate":"https:\/\/campanyam.com\/tr\/?s={search_term_string}"},"query-input":{"@type":"PropertyValueSpecification","valueRequired":true,"valueName":"search_term_string"}}],"inLanguage":"tr"},{"@type":["Person","Organization"],"@id":"https:\/\/campanyam.com\/tr\/#\/schema\/person\/f410d44dcccbc979360c40f1a7b434c9","name":"Eren","image":{"@type":"ImageObject","inLanguage":"tr","@id":"https:\/\/secure.gravatar.com\/avatar\/75cf9baeab54a789bf1972d80a67c7c6902338cfdf3991e1a6d6e880683909a6?s=96&r=g","url":"https:\/\/secure.gravatar.com\/avatar\/75cf9baeab54a789bf1972d80a67c7c6902338cfdf3991e1a6d6e880683909a6?s=96&r=g","contentUrl":"https:\/\/secure.gravatar.com\/avatar\/75cf9baeab54a789bf1972d80a67c7c6902338cfdf3991e1a6d6e880683909a6?s=96&r=g","caption":"Eren"},"logo":{"@id":"https:\/\/secure.gravatar.com\/avatar\/75cf9baeab54a789bf1972d80a67c7c6902338cfdf3991e1a6d6e880683909a6?s=96&r=g"},"description":"Campanyam.com, which enables you to find the discounts of many brands in one place, offers you the most up-to-date discounts and campaigns by listing the products and services of famous brands.","sameAs":["https:\/\/campanyam.com\/","https:\/\/www.linkedin.com\/company\/campanyam-com\/","https:\/\/tr.pinterest.com\/campanyam\/","https:\/\/x.com\/https:\/\/twitter.com\/campanyam1","https:\/\/www.youtube.com\/@campanyam"]}]}},"_links":{"self":[{"href":"https:\/\/campanyam.com\/tr\/wp-json\/wp\/v2\/pages\/592","targetHints":{"allow":["GET"]}}],"collection":[{"href":"https:\/\/campanyam.com\/tr\/wp-json\/wp\/v2\/pages"}],"about":[{"href":"https:\/\/campanyam.com\/tr\/wp-json\/wp\/v2\/types\/page"}],"author":[{"embeddable":true,"href":"https:\/\/campanyam.com\/tr\/wp-json\/wp\/v2\/users\/1"}],"replies":[{"embeddable":true,"href":"https:\/\/campanyam.com\/tr\/wp-json\/wp\/v2\/comments?post=592"}],"version-history":[{"count":4,"href":"https:\/\/campanyam.com\/tr\/wp-json\/wp\/v2\/pages\/592\/revisions"}],"predecessor-version":[{"id":3104,"href":"https:\/\/campanyam.com\/tr\/wp-json\/wp\/v2\/pages\/592\/revisions\/3104"}],"wp:attachment":[{"href":"https:\/\/campanyam.com\/tr\/wp-json\/wp\/v2\/media?parent=592"}],"curies":[{"name":"wp","href":"https:\/\/api.w.org\/{rel}","templated":true}]}}