{"id":194,"date":"2016-04-06T03:53:26","date_gmt":"2016-04-06T00:53:26","guid":{"rendered":"http:\/\/demos.famethemes.com\/wpcoupon\/?page_id=194"},"modified":"2024-10-12T09:27:30","modified_gmt":"2024-10-12T06:27:30","slug":"kupon-ve-kampanya-platformu","status":"publish","type":"page","link":"https:\/\/campanyam.com\/tr\/","title":{"rendered":"Kupon ve Kampanya Platformu"},"content":{"rendered":"\n<p>Bir\u00e7ok markan\u0131n indirimlerini tek bir yerde bulman\u0131z\u0131 sa\u011flayan Campanyam.com, \u00fcnl\u00fc markalar\u0131n \u00fcr\u00fcn ve hizmetlerini listeleyerek size en g\u00fcncel indirim ve kampanyalar\u0131 sunuyor.<\/p>\n","protected":false},"excerpt":{"rendered":"<p>Bir\u00e7ok markan\u0131n indirimlerini tek bir yerde bulman\u0131z\u0131 sa\u011flayan Campanyam.com, \u00fcnl\u00fc markalar\u0131n \u00fcr\u00fcn ve hizmetlerini listeleyerek size en g\u00fcncel indirim ve kampanyalar\u0131 sunuyor.<\/p>\n","protected":false},"author":1,"featured_media":0,"parent":0,"menu_order":0,"comment_status":"closed","ping_status":"closed","template":"templates\/frontpage.php","meta":{"footnotes":""},"class_list":["post-194","page","type-page","status-publish","hentry"],"yoast_head":"<!-- This site is optimized with the Yoast SEO plugin v27.4 - https:\/\/yoast.com\/product\/yoast-seo-wordpress\/ -->\n<title>Kupon ve Kampanya Platformu - Campanyam<\/title>\n<meta name=\"description\" content=\"Campanyam.com internetin d\u00f6rt bir taraf\u0131n\u0131 ara\u015ft\u0131rarak, kullan\u0131c\u0131lara her ay onlarca markan\u0131n, y\u00fczlerce indirimini listelemektedir.\" \/>\n<meta name=\"robots\" content=\"index, follow, max-snippet:-1, max-image-preview:large, max-video-preview:-1\" \/>\n<link rel=\"canonical\" href=\"https:\/\/campanyam.com\/tr\/\" \/>\n<meta property=\"og:locale\" content=\"tr_TR\" \/>\n<meta property=\"og:type\" content=\"article\" \/>\n<meta property=\"og:title\" content=\"Kupon ve Kampanya Platformu - Campanyam\" \/>\n<meta property=\"og:description\" content=\"Campanyam.com internetin d\u00f6rt bir taraf\u0131n\u0131 ara\u015ft\u0131rarak, kullan\u0131c\u0131lara her ay onlarca markan\u0131n, y\u00fczlerce indirimini listelemektedir.\" \/>\n<meta property=\"og:url\" content=\"https:\/\/campanyam.com\/tr\/\" \/>\n<meta property=\"og:site_name\" content=\"Campanyam\" \/>\n<meta property=\"article:modified_time\" content=\"2024-10-12T06:27:30+00:00\" \/>\n<meta name=\"twitter:card\" content=\"summary_large_image\" \/>\n<meta name=\"twitter:site\" content=\"@campanyam1\" \/>\n<meta name=\"twitter:label1\" content=\"Tahmini okuma s\u00fcresi\" \/>\n\t<meta name=\"twitter:data1\" content=\"1 dakika\" \/>\n<script type=\"application\/ld+json\" class=\"yoast-schema-graph\">{\"@context\":\"https:\\\/\\\/schema.org\",\"@graph\":[{\"@type\":\"WebPage\",\"@id\":\"https:\\\/\\\/campanyam.com\\\/tr\\\/\",\"url\":\"https:\\\/\\\/campanyam.com\\\/tr\\\/\",\"name\":\"Kupon ve Kampanya Platformu - Campanyam\",\"isPartOf\":{\"@id\":\"https:\\\/\\\/campanyam.com\\\/tr\\\/#website\"},\"datePublished\":\"2016-04-06T00:53:26+00:00\",\"dateModified\":\"2024-10-12T06:27:30+00:00\",\"description\":\"Campanyam.com internetin d\u00f6rt bir taraf\u0131n\u0131 ara\u015ft\u0131rarak, kullan\u0131c\u0131lara her ay onlarca markan\u0131n, y\u00fczlerce indirimini listelemektedir.\",\"breadcrumb\":{\"@id\":\"https:\\\/\\\/campanyam.com\\\/tr\\\/#breadcrumb\"},\"inLanguage\":\"tr\",\"potentialAction\":[{\"@type\":\"ReadAction\",\"target\":[\"https:\\\/\\\/campanyam.com\\\/tr\\\/\"]}]},{\"@type\":\"BreadcrumbList\",\"@id\":\"https:\\\/\\\/campanyam.com\\\/tr\\\/#breadcrumb\",\"itemListElement\":[{\"@type\":\"ListItem\",\"position\":1,\"name\":\"Ana sayfa\",\"item\":\"https:\\\/\\\/campanyam.com\\\/tr\\\/\"},{\"@type\":\"ListItem\",\"position\":2,\"name\":\"Kupon ve Kampanya Platformu\"}]},{\"@type\":\"WebSite\",\"@id\":\"https:\\\/\\\/campanyam.com\\\/tr\\\/#website\",\"url\":\"https:\\\/\\\/campanyam.com\\\/tr\\\/\",\"name\":\"Campanyam\",\"description\":\"Kupon ve Kampanya Platformu\",\"publisher\":{\"@id\":\"https:\\\/\\\/campanyam.com\\\/tr\\\/#\\\/schema\\\/person\\\/f410d44dcccbc979360c40f1a7b434c9\"},\"potentialAction\":[{\"@type\":\"SearchAction\",\"target\":{\"@type\":\"EntryPoint\",\"urlTemplate\":\"https:\\\/\\\/campanyam.com\\\/tr\\\/?s={search_term_string}\"},\"query-input\":{\"@type\":\"PropertyValueSpecification\",\"valueRequired\":true,\"valueName\":\"search_term_string\"}}],\"inLanguage\":\"tr\"},{\"@type\":[\"Person\",\"Organization\"],\"@id\":\"https:\\\/\\\/campanyam.com\\\/tr\\\/#\\\/schema\\\/person\\\/f410d44dcccbc979360c40f1a7b434c9\",\"name\":\"Eren\",\"image\":{\"@type\":\"ImageObject\",\"inLanguage\":\"tr\",\"@id\":\"https:\\\/\\\/secure.gravatar.com\\\/avatar\\\/75cf9baeab54a789bf1972d80a67c7c6902338cfdf3991e1a6d6e880683909a6?s=96&r=g\",\"url\":\"https:\\\/\\\/secure.gravatar.com\\\/avatar\\\/75cf9baeab54a789bf1972d80a67c7c6902338cfdf3991e1a6d6e880683909a6?s=96&r=g\",\"contentUrl\":\"https:\\\/\\\/secure.gravatar.com\\\/avatar\\\/75cf9baeab54a789bf1972d80a67c7c6902338cfdf3991e1a6d6e880683909a6?s=96&r=g\",\"caption\":\"Eren\"},\"logo\":{\"@id\":\"https:\\\/\\\/secure.gravatar.com\\\/avatar\\\/75cf9baeab54a789bf1972d80a67c7c6902338cfdf3991e1a6d6e880683909a6?s=96&r=g\"},\"description\":\"Campanyam.com, which enables you to find the discounts of many brands in one place, offers you the most up-to-date discounts and campaigns by listing the products and services of famous brands.\",\"sameAs\":[\"https:\\\/\\\/campanyam.com\\\/\",\"https:\\\/\\\/www.linkedin.com\\\/company\\\/campanyam-com\\\/\",\"https:\\\/\\\/tr.pinterest.com\\\/campanyam\\\/\",\"https:\\\/\\\/x.com\\\/https:\\\/\\\/twitter.com\\\/campanyam1\",\"https:\\\/\\\/www.youtube.com\\\/@campanyam\"]}]}<\/script>\n<!-- \/ Yoast SEO plugin. -->","yoast_head_json":{"title":"Kupon ve Kampanya Platformu - Campanyam","description":"Campanyam.com internetin d\u00f6rt bir taraf\u0131n\u0131 ara\u015ft\u0131rarak, kullan\u0131c\u0131lara her ay onlarca markan\u0131n, y\u00fczlerce indirimini listelemektedir.","robots":{"index":"index","follow":"follow","max-snippet":"max-snippet:-1","max-image-preview":"max-image-preview:large","max-video-preview":"max-video-preview:-1"},"canonical":"https:\/\/campanyam.com\/tr\/","og_locale":"tr_TR","og_type":"article","og_title":"Kupon ve Kampanya Platformu - Campanyam","og_description":"Campanyam.com internetin d\u00f6rt bir taraf\u0131n\u0131 ara\u015ft\u0131rarak, kullan\u0131c\u0131lara her ay onlarca markan\u0131n, y\u00fczlerce indirimini listelemektedir.","og_url":"https:\/\/campanyam.com\/tr\/","og_site_name":"Campanyam","article_modified_time":"2024-10-12T06:27:30+00:00","twitter_card":"summary_large_image","twitter_site":"@campanyam1","twitter_misc":{"Tahmini okuma s\u00fcresi":"1 dakika"},"schema":{"@context":"https:\/\/schema.org","@graph":[{"@type":"WebPage","@id":"https:\/\/campanyam.com\/tr\/","url":"https:\/\/campanyam.com\/tr\/","name":"Kupon ve Kampanya Platformu - Campanyam","isPartOf":{"@id":"https:\/\/campanyam.com\/tr\/#website"},"datePublished":"2016-04-06T00:53:26+00:00","dateModified":"2024-10-12T06:27:30+00:00","description":"Campanyam.com internetin d\u00f6rt bir taraf\u0131n\u0131 ara\u015ft\u0131rarak, kullan\u0131c\u0131lara her ay onlarca markan\u0131n, y\u00fczlerce indirimini listelemektedir.","breadcrumb":{"@id":"https:\/\/campanyam.com\/tr\/#breadcrumb"},"inLanguage":"tr","potentialAction":[{"@type":"ReadAction","target":["https:\/\/campanyam.com\/tr\/"]}]},{"@type":"BreadcrumbList","@id":"https:\/\/campanyam.com\/tr\/#breadcrumb","itemListElement":[{"@type":"ListItem","position":1,"name":"Ana sayfa","item":"https:\/\/campanyam.com\/tr\/"},{"@type":"ListItem","position":2,"name":"Kupon ve Kampanya Platformu"}]},{"@type":"WebSite","@id":"https:\/\/campanyam.com\/tr\/#website","url":"https:\/\/campanyam.com\/tr\/","name":"Campanyam","description":"Kupon ve Kampanya Platformu","publisher":{"@id":"https:\/\/campanyam.com\/tr\/#\/schema\/person\/f410d44dcccbc979360c40f1a7b434c9"},"potentialAction":[{"@type":"SearchAction","target":{"@type":"EntryPoint","urlTemplate":"https:\/\/campanyam.com\/tr\/?s={search_term_string}"},"query-input":{"@type":"PropertyValueSpecification","valueRequired":true,"valueName":"search_term_string"}}],"inLanguage":"tr"},{"@type":["Person","Organization"],"@id":"https:\/\/campanyam.com\/tr\/#\/schema\/person\/f410d44dcccbc979360c40f1a7b434c9","name":"Eren","image":{"@type":"ImageObject","inLanguage":"tr","@id":"https:\/\/secure.gravatar.com\/avatar\/75cf9baeab54a789bf1972d80a67c7c6902338cfdf3991e1a6d6e880683909a6?s=96&r=g","url":"https:\/\/secure.gravatar.com\/avatar\/75cf9baeab54a789bf1972d80a67c7c6902338cfdf3991e1a6d6e880683909a6?s=96&r=g","contentUrl":"https:\/\/secure.gravatar.com\/avatar\/75cf9baeab54a789bf1972d80a67c7c6902338cfdf3991e1a6d6e880683909a6?s=96&r=g","caption":"Eren"},"logo":{"@id":"https:\/\/secure.gravatar.com\/avatar\/75cf9baeab54a789bf1972d80a67c7c6902338cfdf3991e1a6d6e880683909a6?s=96&r=g"},"description":"Campanyam.com, which enables you to find the discounts of many brands in one place, offers you the most up-to-date discounts and campaigns by listing the products and services of famous brands.","sameAs":["https:\/\/campanyam.com\/","https:\/\/www.linkedin.com\/company\/campanyam-com\/","https:\/\/tr.pinterest.com\/campanyam\/","https:\/\/x.com\/https:\/\/twitter.com\/campanyam1","https:\/\/www.youtube.com\/@campanyam"]}]}},"_links":{"self":[{"href":"https:\/\/campanyam.com\/tr\/wp-json\/wp\/v2\/pages\/194","targetHints":{"allow":["GET"]}}],"collection":[{"href":"https:\/\/campanyam.com\/tr\/wp-json\/wp\/v2\/pages"}],"about":[{"href":"https:\/\/campanyam.com\/tr\/wp-json\/wp\/v2\/types\/page"}],"author":[{"embeddable":true,"href":"https:\/\/campanyam.com\/tr\/wp-json\/wp\/v2\/users\/1"}],"replies":[{"embeddable":true,"href":"https:\/\/campanyam.com\/tr\/wp-json\/wp\/v2\/comments?post=194"}],"version-history":[{"count":1,"href":"https:\/\/campanyam.com\/tr\/wp-json\/wp\/v2\/pages\/194\/revisions"}],"predecessor-version":[{"id":1509,"href":"https:\/\/campanyam.com\/tr\/wp-json\/wp\/v2\/pages\/194\/revisions\/1509"}],"wp:attachment":[{"href":"https:\/\/campanyam.com\/tr\/wp-json\/wp\/v2\/media?parent=194"}],"curies":[{"name":"wp","href":"https:\/\/api.w.org\/{rel}","templated":true}]}}