{"id":37,"date":"2021-05-06T21:21:10","date_gmt":"2021-05-06T18:21:10","guid":{"rendered":"https:\/\/campanyam.com\/fi\/?page_id=37"},"modified":"2025-07-08T14:56:54","modified_gmt":"2025-07-08T11:56:54","slug":"sobre-nosotros","status":"publish","type":"page","link":"https:\/\/campanyam.com\/es\/sobre-nosotros\/","title":{"rendered":"Sobre Nosotros"},"content":{"rendered":"<div class=\"wp-block-image\">\n<figure class=\"aligncenter size-full\"><img decoding=\"async\" width=\"600\" height=\"462\" src=\"https:\/\/campanyam.com\/es\/wp-content\/uploads\/sites\/10\/2025\/07\/campanyam-about.png\" alt=\"\" class=\"wp-image-1305\" srcset=\"https:\/\/campanyam.com\/es\/wp-content\/uploads\/sites\/10\/2025\/07\/campanyam-about.png 600w, https:\/\/campanyam.com\/es\/wp-content\/uploads\/sites\/10\/2025\/07\/campanyam-about-300x231.png 300w, https:\/\/campanyam.com\/es\/wp-content\/uploads\/sites\/10\/2025\/07\/campanyam-about-149x115.png 149w, https:\/\/campanyam.com\/es\/wp-content\/uploads\/sites\/10\/2025\/07\/campanyam-about-480x370.png 480w\" sizes=\"(max-width: 600px) 100vw, 600px\" \/><\/figure>\n<\/div>\n\n\n<p class=\"has-text-align-center\">&#8212;<\/p>\n\n\n\n<p><strong>En el mundo actual, se ha vuelto mucho m\u00e1s f\u00e1cil ahorrar dinero de nuestros gastos. Con el desarrollo de la tecnolog\u00eda, ahora podemos acceder f\u00e1cilmente a los productos y servicios que queremos en comparaci\u00f3n con el pasado. Con la calidad de estos productos y servicios, todo el mundo quiere que tengan descuento.<\/strong><\/p>\n\n\n\n<p><strong>Campanyam.com, que le permite encontrar los descuentos de muchas marcas en un solo lugar, le ofrece los descuentos y campa\u00f1as m\u00e1s actualizados al enumerar los productos y servicios de marcas famosas.De esta forma, los compradores pueden beneficiarse de los descuentos y campa\u00f1as m\u00e1s actualizadas, proporcionando as\u00ed importantes ahorros en sus gastos.<\/strong><\/p>\n\n\n\n<p><strong>Campanyam.com se cre\u00f3 para proporcionar datos fiables a los clientes de comercio electr\u00f3nico en este campo. La diferencia de nuestra empresa con respecto a sus competidores es que ofrece servicios de campa\u00f1as y cupones inteligentes a sus clientes. El mayor defecto de los sitios de cupones del mercado es que ofrecen cupones y campa\u00f1as incorrectas y obsoletas a sus clientes. Gracias a nuestro sistema de cupones inteligente, los cupones y las campa\u00f1as en nuestro sitio se prueban y luego se agregan al sitio. Con este sistema conseguimos un 80-90% de \u00e9xito en cupones.<\/strong><\/p>\n\n\n\n<p><strong>Adem\u00e1s, nuestra aplicaci\u00f3n de escritorio est\u00e1 en construcci\u00f3n. Con esta aplicaci\u00f3n, nuestro objetivo es brindar servicios de aplicaci\u00f3n autom\u00e1tica de cupones a nuestros clientes. Actualmente brindamos servicio en 8 pa\u00edses y planeamos aumentarlo a 20 en poco tiempo.<\/strong><\/p>\n\n\n\n<p><\/p>\n","protected":false},"excerpt":{"rendered":"<p>&#8212; En el mundo actual, se ha vuelto mucho m\u00e1s f\u00e1cil ahorrar dinero de nuestros gastos. Con el desarrollo de la tecnolog\u00eda, ahora podemos acceder f\u00e1cilmente a los productos y servicios que queremos en comparaci\u00f3n con el pasado. Con la calidad de estos productos y servicios, todo el mundo quiere que tengan descuento. Campanyam.com, que [&hellip;]<\/p>\n","protected":false},"author":1,"featured_media":0,"parent":0,"menu_order":0,"comment_status":"closed","ping_status":"closed","template":"","meta":{"footnotes":""},"class_list":["post-37","page","type-page","status-publish","hentry"],"yoast_head":"<!-- This site is optimized with the Yoast SEO plugin v27.5 - https:\/\/yoast.com\/product\/yoast-seo-wordpress\/ -->\n<title>Sobre Nosotros - Campanyam<\/title>\n<meta name=\"description\" content=\"Campanyam.com searches all over the internet and lists hundreds of products and services from dozens of brands to users every month.\" \/>\n<meta name=\"robots\" content=\"index, follow, max-snippet:-1, max-image-preview:large, max-video-preview:-1\" \/>\n<link rel=\"canonical\" href=\"https:\/\/campanyam.com\/es\/sobre-nosotros\/\" \/>\n<meta property=\"og:locale\" content=\"es_ES\" \/>\n<meta property=\"og:type\" content=\"article\" \/>\n<meta property=\"og:title\" content=\"Sobre Nosotros - Campanyam\" \/>\n<meta property=\"og:description\" content=\"Campanyam.com searches all over the internet and lists hundreds of products and services from dozens of brands to users every month.\" \/>\n<meta property=\"og:url\" content=\"https:\/\/campanyam.com\/es\/sobre-nosotros\/\" \/>\n<meta property=\"og:site_name\" content=\"Campanyam\" \/>\n<meta property=\"article:modified_time\" content=\"2025-07-08T11:56:54+00:00\" \/>\n<meta property=\"og:image\" content=\"https:\/\/campanyam.com\/es\/wp-content\/uploads\/sites\/10\/2025\/07\/campanyam-about.png\" \/>\n<meta name=\"twitter:card\" content=\"summary_large_image\" \/>\n<meta name=\"twitter:site\" content=\"@campanyam1\" \/>\n<meta name=\"twitter:label1\" content=\"Tiempo de lectura\" \/>\n\t<meta name=\"twitter:data1\" content=\"1 minuto\" \/>\n<script type=\"application\/ld+json\" class=\"yoast-schema-graph\">{\"@context\":\"https:\\\/\\\/schema.org\",\"@graph\":[{\"@type\":\"WebPage\",\"@id\":\"https:\\\/\\\/campanyam.com\\\/es\\\/sobre-nosotros\\\/\",\"url\":\"https:\\\/\\\/campanyam.com\\\/es\\\/sobre-nosotros\\\/\",\"name\":\"Sobre Nosotros - Campanyam\",\"isPartOf\":{\"@id\":\"https:\\\/\\\/campanyam.com\\\/es\\\/#website\"},\"primaryImageOfPage\":{\"@id\":\"https:\\\/\\\/campanyam.com\\\/es\\\/sobre-nosotros\\\/#primaryimage\"},\"image\":{\"@id\":\"https:\\\/\\\/campanyam.com\\\/es\\\/sobre-nosotros\\\/#primaryimage\"},\"thumbnailUrl\":\"https:\\\/\\\/campanyam.com\\\/es\\\/wp-content\\\/uploads\\\/sites\\\/10\\\/2025\\\/07\\\/campanyam-about.png\",\"datePublished\":\"2021-05-06T18:21:10+00:00\",\"dateModified\":\"2025-07-08T11:56:54+00:00\",\"description\":\"Campanyam.com searches all over the internet and lists hundreds of products and services from dozens of brands to users every month.\",\"breadcrumb\":{\"@id\":\"https:\\\/\\\/campanyam.com\\\/es\\\/sobre-nosotros\\\/#breadcrumb\"},\"inLanguage\":\"es\",\"potentialAction\":[{\"@type\":\"ReadAction\",\"target\":[\"https:\\\/\\\/campanyam.com\\\/es\\\/sobre-nosotros\\\/\"]}]},{\"@type\":\"ImageObject\",\"inLanguage\":\"es\",\"@id\":\"https:\\\/\\\/campanyam.com\\\/es\\\/sobre-nosotros\\\/#primaryimage\",\"url\":\"https:\\\/\\\/campanyam.com\\\/es\\\/wp-content\\\/uploads\\\/sites\\\/10\\\/2025\\\/07\\\/campanyam-about.png\",\"contentUrl\":\"https:\\\/\\\/campanyam.com\\\/es\\\/wp-content\\\/uploads\\\/sites\\\/10\\\/2025\\\/07\\\/campanyam-about.png\",\"width\":600,\"height\":462},{\"@type\":\"BreadcrumbList\",\"@id\":\"https:\\\/\\\/campanyam.com\\\/es\\\/sobre-nosotros\\\/#breadcrumb\",\"itemListElement\":[{\"@type\":\"ListItem\",\"position\":1,\"name\":\"Ana sayfa\",\"item\":\"https:\\\/\\\/campanyam.com\\\/es\\\/\"},{\"@type\":\"ListItem\",\"position\":2,\"name\":\"Sobre Nosotros\"}]},{\"@type\":\"WebSite\",\"@id\":\"https:\\\/\\\/campanyam.com\\\/es\\\/#website\",\"url\":\"https:\\\/\\\/campanyam.com\\\/es\\\/\",\"name\":\"Campanyam\",\"description\":\"Plataforma de Cupones y Descuentos\",\"publisher\":{\"@id\":\"https:\\\/\\\/campanyam.com\\\/es\\\/#\\\/schema\\\/person\\\/f410d44dcccbc979360c40f1a7b434c9\"},\"potentialAction\":[{\"@type\":\"SearchAction\",\"target\":{\"@type\":\"EntryPoint\",\"urlTemplate\":\"https:\\\/\\\/campanyam.com\\\/es\\\/?s={search_term_string}\"},\"query-input\":{\"@type\":\"PropertyValueSpecification\",\"valueRequired\":true,\"valueName\":\"search_term_string\"}}],\"inLanguage\":\"es\"},{\"@type\":[\"Person\",\"Organization\"],\"@id\":\"https:\\\/\\\/campanyam.com\\\/es\\\/#\\\/schema\\\/person\\\/f410d44dcccbc979360c40f1a7b434c9\",\"name\":\"Eren\",\"image\":{\"@type\":\"ImageObject\",\"inLanguage\":\"es\",\"@id\":\"https:\\\/\\\/secure.gravatar.com\\\/avatar\\\/75cf9baeab54a789bf1972d80a67c7c6902338cfdf3991e1a6d6e880683909a6?s=96&r=g\",\"url\":\"https:\\\/\\\/secure.gravatar.com\\\/avatar\\\/75cf9baeab54a789bf1972d80a67c7c6902338cfdf3991e1a6d6e880683909a6?s=96&r=g\",\"contentUrl\":\"https:\\\/\\\/secure.gravatar.com\\\/avatar\\\/75cf9baeab54a789bf1972d80a67c7c6902338cfdf3991e1a6d6e880683909a6?s=96&r=g\",\"caption\":\"Eren\"},\"logo\":{\"@id\":\"https:\\\/\\\/secure.gravatar.com\\\/avatar\\\/75cf9baeab54a789bf1972d80a67c7c6902338cfdf3991e1a6d6e880683909a6?s=96&r=g\"},\"description\":\"Campanyam.com, which enables you to find the discounts of many brands in one place, offers you the most up-to-date discounts and campaigns by listing the products and services of famous brands.\",\"sameAs\":[\"https:\\\/\\\/campanyam.com\\\/\",\"https:\\\/\\\/www.linkedin.com\\\/company\\\/campanyam-com\\\/\",\"https:\\\/\\\/tr.pinterest.com\\\/campanyam\\\/\",\"https:\\\/\\\/x.com\\\/https:\\\/\\\/twitter.com\\\/campanyam1\",\"https:\\\/\\\/www.youtube.com\\\/@campanyam\"]}]}<\/script>\n<!-- \/ Yoast SEO plugin. -->","yoast_head_json":{"title":"Sobre Nosotros - Campanyam","description":"Campanyam.com searches all over the internet and lists hundreds of products and services from dozens of brands to users every month.","robots":{"index":"index","follow":"follow","max-snippet":"max-snippet:-1","max-image-preview":"max-image-preview:large","max-video-preview":"max-video-preview:-1"},"canonical":"https:\/\/campanyam.com\/es\/sobre-nosotros\/","og_locale":"es_ES","og_type":"article","og_title":"Sobre Nosotros - Campanyam","og_description":"Campanyam.com searches all over the internet and lists hundreds of products and services from dozens of brands to users every month.","og_url":"https:\/\/campanyam.com\/es\/sobre-nosotros\/","og_site_name":"Campanyam","article_modified_time":"2025-07-08T11:56:54+00:00","og_image":[{"url":"https:\/\/campanyam.com\/es\/wp-content\/uploads\/sites\/10\/2025\/07\/campanyam-about.png","type":"","width":"","height":""}],"twitter_card":"summary_large_image","twitter_site":"@campanyam1","twitter_misc":{"Tiempo de lectura":"1 minuto"},"schema":{"@context":"https:\/\/schema.org","@graph":[{"@type":"WebPage","@id":"https:\/\/campanyam.com\/es\/sobre-nosotros\/","url":"https:\/\/campanyam.com\/es\/sobre-nosotros\/","name":"Sobre Nosotros - Campanyam","isPartOf":{"@id":"https:\/\/campanyam.com\/es\/#website"},"primaryImageOfPage":{"@id":"https:\/\/campanyam.com\/es\/sobre-nosotros\/#primaryimage"},"image":{"@id":"https:\/\/campanyam.com\/es\/sobre-nosotros\/#primaryimage"},"thumbnailUrl":"https:\/\/campanyam.com\/es\/wp-content\/uploads\/sites\/10\/2025\/07\/campanyam-about.png","datePublished":"2021-05-06T18:21:10+00:00","dateModified":"2025-07-08T11:56:54+00:00","description":"Campanyam.com searches all over the internet and lists hundreds of products and services from dozens of brands to users every month.","breadcrumb":{"@id":"https:\/\/campanyam.com\/es\/sobre-nosotros\/#breadcrumb"},"inLanguage":"es","potentialAction":[{"@type":"ReadAction","target":["https:\/\/campanyam.com\/es\/sobre-nosotros\/"]}]},{"@type":"ImageObject","inLanguage":"es","@id":"https:\/\/campanyam.com\/es\/sobre-nosotros\/#primaryimage","url":"https:\/\/campanyam.com\/es\/wp-content\/uploads\/sites\/10\/2025\/07\/campanyam-about.png","contentUrl":"https:\/\/campanyam.com\/es\/wp-content\/uploads\/sites\/10\/2025\/07\/campanyam-about.png","width":600,"height":462},{"@type":"BreadcrumbList","@id":"https:\/\/campanyam.com\/es\/sobre-nosotros\/#breadcrumb","itemListElement":[{"@type":"ListItem","position":1,"name":"Ana sayfa","item":"https:\/\/campanyam.com\/es\/"},{"@type":"ListItem","position":2,"name":"Sobre Nosotros"}]},{"@type":"WebSite","@id":"https:\/\/campanyam.com\/es\/#website","url":"https:\/\/campanyam.com\/es\/","name":"Campanyam","description":"Plataforma de Cupones y Descuentos","publisher":{"@id":"https:\/\/campanyam.com\/es\/#\/schema\/person\/f410d44dcccbc979360c40f1a7b434c9"},"potentialAction":[{"@type":"SearchAction","target":{"@type":"EntryPoint","urlTemplate":"https:\/\/campanyam.com\/es\/?s={search_term_string}"},"query-input":{"@type":"PropertyValueSpecification","valueRequired":true,"valueName":"search_term_string"}}],"inLanguage":"es"},{"@type":["Person","Organization"],"@id":"https:\/\/campanyam.com\/es\/#\/schema\/person\/f410d44dcccbc979360c40f1a7b434c9","name":"Eren","image":{"@type":"ImageObject","inLanguage":"es","@id":"https:\/\/secure.gravatar.com\/avatar\/75cf9baeab54a789bf1972d80a67c7c6902338cfdf3991e1a6d6e880683909a6?s=96&r=g","url":"https:\/\/secure.gravatar.com\/avatar\/75cf9baeab54a789bf1972d80a67c7c6902338cfdf3991e1a6d6e880683909a6?s=96&r=g","contentUrl":"https:\/\/secure.gravatar.com\/avatar\/75cf9baeab54a789bf1972d80a67c7c6902338cfdf3991e1a6d6e880683909a6?s=96&r=g","caption":"Eren"},"logo":{"@id":"https:\/\/secure.gravatar.com\/avatar\/75cf9baeab54a789bf1972d80a67c7c6902338cfdf3991e1a6d6e880683909a6?s=96&r=g"},"description":"Campanyam.com, which enables you to find the discounts of many brands in one place, offers you the most up-to-date discounts and campaigns by listing the products and services of famous brands.","sameAs":["https:\/\/campanyam.com\/","https:\/\/www.linkedin.com\/company\/campanyam-com\/","https:\/\/tr.pinterest.com\/campanyam\/","https:\/\/x.com\/https:\/\/twitter.com\/campanyam1","https:\/\/www.youtube.com\/@campanyam"]}]}},"_links":{"self":[{"href":"https:\/\/campanyam.com\/es\/wp-json\/wp\/v2\/pages\/37","targetHints":{"allow":["GET"]}}],"collection":[{"href":"https:\/\/campanyam.com\/es\/wp-json\/wp\/v2\/pages"}],"about":[{"href":"https:\/\/campanyam.com\/es\/wp-json\/wp\/v2\/types\/page"}],"author":[{"embeddable":true,"href":"https:\/\/campanyam.com\/es\/wp-json\/wp\/v2\/users\/1"}],"replies":[{"embeddable":true,"href":"https:\/\/campanyam.com\/es\/wp-json\/wp\/v2\/comments?post=37"}],"version-history":[{"count":5,"href":"https:\/\/campanyam.com\/es\/wp-json\/wp\/v2\/pages\/37\/revisions"}],"predecessor-version":[{"id":1307,"href":"https:\/\/campanyam.com\/es\/wp-json\/wp\/v2\/pages\/37\/revisions\/1307"}],"wp:attachment":[{"href":"https:\/\/campanyam.com\/es\/wp-json\/wp\/v2\/media?parent=37"}],"curies":[{"name":"wp","href":"https:\/\/api.w.org\/{rel}","templated":true}]}}